{"id":471,"date":"2021-05-14T08:11:45","date_gmt":"2021-05-14T08:11:45","guid":{"rendered":"https:\/\/demo.listivotheme.com\/?page_id=471"},"modified":"2025-06-11T15:14:46","modified_gmt":"2025-06-11T14:14:46","slug":"about","status":"publish","type":"page","link":"https:\/\/lbacha.com\/ar\/about\/","title":{"rendered":"\u0645\u0646 \u0646\u062d\u0646"},"content":{"rendered":"<div data-elementor-type=\"wp-page\" data-elementor-id=\"471\" class=\"elementor elementor-471\">\n\t\t\t\t\t\t\t\t\t<section class=\"elementor-section elementor-top-section elementor-element elementor-element-e34ab6c elementor-section-content-middle elementor-section-boxed elementor-section-height-default elementor-section-height-default\" data-id=\"e34ab6c\" data-element_type=\"section\" data-settings=\"{&quot;background_background&quot;:&quot;classic&quot;}\">\n\t\t\t\t\t\t\t<div class=\"elementor-background-overlay\"><\/div>\n\t\t\t\t\t\t\t<div class=\"elementor-container elementor-column-gap-default\">\n\t\t\t\t\t<div class=\"elementor-column elementor-col-50 elementor-top-column elementor-element elementor-element-22bca31\" data-id=\"22bca31\" data-element_type=\"column\">\n\t\t\t<div class=\"elementor-widget-wrap elementor-element-populated\">\n\t\t\t\t\t\t\t\t<div class=\"elementor-element elementor-element-a1372d3 elementor-widget elementor-widget-heading\" data-id=\"a1372d3\" data-element_type=\"widget\" data-widget_type=\"heading.default\">\n\t\t\t\t<div class=\"elementor-widget-container\">\n\t\t\t<style>\/*! elementor - v3.12.1 - 02-04-2023 *\/\n.elementor-heading-title{padding:0;margin:0;line-height:1}.elementor-widget-heading .elementor-heading-title[class*=elementor-size-]>a{color:inherit;font-size:inherit;line-height:inherit}.elementor-widget-heading .elementor-heading-title.elementor-size-small{font-size:15px}.elementor-widget-heading .elementor-heading-title.elementor-size-medium{font-size:19px}.elementor-widget-heading .elementor-heading-title.elementor-size-large{font-size:29px}.elementor-widget-heading .elementor-heading-title.elementor-size-xl{font-size:39px}.elementor-widget-heading .elementor-heading-title.elementor-size-xxl{font-size:59px}<\/style><h1 class=\"elementor-heading-title elementor-size-xl\">\u0645\u0646 \u0646\u062d\u0646<\/h1>\t\t<\/div>\n\t\t\t\t<\/div>\n\t\t\t\t\t<\/div>\n\t\t<\/div>\n\t\t\t\t<div class=\"elementor-column elementor-col-50 elementor-top-column elementor-element elementor-element-218446b\" data-id=\"218446b\" data-element_type=\"column\">\n\t\t\t<div class=\"elementor-widget-wrap elementor-element-populated\">\n\t\t\t\t\t\t\t\t\t<\/div>\n\t\t<\/div>\n\t\t\t\t\t\t\t<\/div>\n\t\t<\/section>\n\t\t\t\t<section class=\"elementor-section elementor-top-section elementor-element elementor-element-ca4dcd2 elementor-section-boxed elementor-section-height-default elementor-section-height-default\" data-id=\"ca4dcd2\" data-element_type=\"section\">\n\t\t\t\t\t\t<div class=\"elementor-container elementor-column-gap-default\">\n\t\t\t\t\t<div class=\"elementor-column elementor-col-100 elementor-top-column elementor-element elementor-element-c781af9\" data-id=\"c781af9\" data-element_type=\"column\">\n\t\t\t<div class=\"elementor-widget-wrap elementor-element-populated\">\n\t\t\t\t\t\t\t\t<div class=\"elementor-element elementor-element-97b3153 elementor-widget elementor-widget-spacer\" data-id=\"97b3153\" data-element_type=\"widget\" data-widget_type=\"spacer.default\">\n\t\t\t\t<div class=\"elementor-widget-container\">\n\t\t\t<style>\/*! elementor - v3.12.1 - 02-04-2023 *\/\n.elementor-column .elementor-spacer-inner{height:var(--spacer-size)}.e-con{--container-widget-width:100%}.e-con-inner>.elementor-widget-spacer,.e-con>.elementor-widget-spacer{width:var(--container-widget-width,var(--spacer-size));--align-self:var(--container-widget-align-self,initial);--flex-shrink:0}.e-con-inner>.elementor-widget-spacer>.elementor-widget-container,.e-con-inner>.elementor-widget-spacer>.elementor-widget-container>.elementor-spacer,.e-con>.elementor-widget-spacer>.elementor-widget-container,.e-con>.elementor-widget-spacer>.elementor-widget-container>.elementor-spacer{height:100%}.e-con-inner>.elementor-widget-spacer>.elementor-widget-container>.elementor-spacer>.elementor-spacer-inner,.e-con>.elementor-widget-spacer>.elementor-widget-container>.elementor-spacer>.elementor-spacer-inner{height:var(--container-widget-height,var(--spacer-size))}<\/style>\t\t<div class=\"elementor-spacer\">\n\t\t\t<div class=\"elementor-spacer-inner\"><\/div>\n\t\t<\/div>\n\t\t\t\t<\/div>\n\t\t\t\t<\/div>\n\t\t\t\t\t<\/div>\n\t\t<\/div>\n\t\t\t\t\t\t\t<\/div>\n\t\t<\/section>\n\t\t\t\t<section class=\"elementor-section elementor-top-section elementor-element elementor-element-8ab7a5b elementor-section-content-middle elementor-section-boxed elementor-section-height-default elementor-section-height-default\" data-id=\"8ab7a5b\" data-element_type=\"section\">\n\t\t\t\t\t\t<div class=\"elementor-container elementor-column-gap-default\">\n\t\t\t\t\t<div class=\"elementor-column elementor-col-100 elementor-top-column elementor-element elementor-element-d536f2f\" data-id=\"d536f2f\" data-element_type=\"column\">\n\t\t\t<div class=\"elementor-widget-wrap elementor-element-populated\">\n\t\t\t\t\t\t\t\t<div class=\"elementor-element elementor-element-9e56b29 elementor-widget-tablet__width-initial elementor-widget-mobile__width-initial elementor-widget elementor-widget-heading\" data-id=\"9e56b29\" data-element_type=\"widget\" data-widget_type=\"heading.default\">\n\t\t\t\t<div class=\"elementor-widget-container\">\n\t\t\t<h1 class=\"elementor-heading-title elementor-size-medium\">\u0645\u0646\u0635\u0629 \u00ab lbacha.com \u00bb<\/h1>\t\t<\/div>\n\t\t\t\t<\/div>\n\t\t\t\t<div class=\"elementor-element elementor-element-73ac56c elementor-widget elementor-widget-spacer\" data-id=\"73ac56c\" data-element_type=\"widget\" data-widget_type=\"spacer.default\">\n\t\t\t\t<div class=\"elementor-widget-container\">\n\t\t\t\t\t<div class=\"elementor-spacer\">\n\t\t\t<div class=\"elementor-spacer-inner\"><\/div>\n\t\t<\/div>\n\t\t\t\t<\/div>\n\t\t\t\t<\/div>\n\t\t\t\t<div class=\"elementor-element elementor-element-2993c59 elementor-widget elementor-widget-lst_shape\" data-id=\"2993c59\" data-element_type=\"widget\" data-widget_type=\"lst_shape.default\">\n\t\t\t\t<div class=\"elementor-widget-container\">\n\t\t\t<div class=\"listivo-shape\">\r\n            <div class=\"listivo-shape-line\">\r\n            <svg xmlns=\"http:\/\/www.w3.org\/2000\/svg\" viewbox=\"0 0 913.000000 42.000000\"\r\n                 preserveaspectratio=\"xMidYMid meet\">\r\n                <g transform=\"translate(0.000000,42.000000) scale(0.100000,-0.100000)\" stroke=\"none\">\r\n                    <path d=\"M7962 404 c-11 -12 -33 -14 -100 -12 -48 1 -240 -1 -427 -5 -187 -4 -506 -10 -710 -13 -354 -5 -415 -7 -603 -19 -185 -11 -867 -23 -1392 -25 -124 -1 -360 -6 -525 -11 -385 -14 -451 -15 -1170 -23 -411 -5 -646 -12 -745 -22 -86 -9 -301 -17 -530 -20 -244 -3 -422 -10 -485 -19 -90 -13 -202 -18 -640 -30 -77 -2 -189 -11 -250 -19 -60 -9 -151 -16 -202 -16 -50 0 -103 -4 -116 -9 -33 -13 -40 -47 -21 -109 l17 -52 193 0 c123 0 194 4 194 10 0 6 14 10 30 10 17 0 30 -4 30 -10 0 -15 107 -13 112 2 5 13 100 18 562 32 115 4 263 11 330 16 67 5 312 14 546 20 234 5 529 14 655 20 234 10 529 16 1255 25 637 8 931 14 1270 25 173 5 506 15 740 21 675 17 689 17 820 28 69 5 217 10 330 11 271 1 727 18 815 30 39 5 254 9 478 10 452 0 580 9 635 46 l32 22 -32 23 c-20 14 -50 24 -77 26 -26 1 -111 7 -191 13 -80 5 -187 10 -238 11 -65 0 -96 5 -106 15 -17 16 -106 19 -106 4 0 -5 -9 -10 -20 -10 -11 0 -20 5 -20 10 0 6 -61 10 -162 10 -133 -1 -165 -4 -176 -16z\"><\/path>\r\n                <\/g>\r\n            <\/svg>\r\n        <\/div>\r\n    <\/div>\r\n\t\t<\/div>\n\t\t\t\t<\/div>\n\t\t\t\t<div class=\"elementor-element elementor-element-a562802 elementor-widget elementor-widget-spacer\" data-id=\"a562802\" data-element_type=\"widget\" data-widget_type=\"spacer.default\">\n\t\t\t\t<div class=\"elementor-widget-container\">\n\t\t\t\t\t<div class=\"elementor-spacer\">\n\t\t\t<div class=\"elementor-spacer-inner\"><\/div>\n\t\t<\/div>\n\t\t\t\t<\/div>\n\t\t\t\t<\/div>\n\t\t\t\t<div class=\"elementor-element elementor-element-5982373 elementor-widget-tablet__width-initial elementor-widget-mobile__width-initial elementor-widget__width-initial elementor-widget elementor-widget-text-editor\" data-id=\"5982373\" data-element_type=\"widget\" data-widget_type=\"text-editor.default\">\n\t\t\t\t<div class=\"elementor-widget-container\">\n\t\t\t<style>\/*! elementor - v3.12.1 - 02-04-2023 *\/\n.elementor-widget-text-editor.elementor-drop-cap-view-stacked .elementor-drop-cap{background-color:#69727d;color:#fff}.elementor-widget-text-editor.elementor-drop-cap-view-framed .elementor-drop-cap{color:#69727d;border:3px solid;background-color:transparent}.elementor-widget-text-editor:not(.elementor-drop-cap-view-default) .elementor-drop-cap{margin-top:8px}.elementor-widget-text-editor:not(.elementor-drop-cap-view-default) .elementor-drop-cap-letter{width:1em;height:1em}.elementor-widget-text-editor .elementor-drop-cap{float:left;text-align:center;line-height:1;font-size:50px}.elementor-widget-text-editor .elementor-drop-cap-letter{display:inline-block}<\/style>\t\t\t\t<p>\u0645\u0627 \u0647\u064a \u0641\u0643\u0631\u0629 \u0645\u0648\u0642\u0639 \u00ab lbacha.com \u00bb \u061f<\/p>\t\t\t\t\t\t<\/div>\n\t\t\t\t<\/div>\n\t\t\t\t<div class=\"elementor-element elementor-element-b2e1f3d elementor-widget elementor-widget-spacer\" data-id=\"b2e1f3d\" data-element_type=\"widget\" data-widget_type=\"spacer.default\">\n\t\t\t\t<div class=\"elementor-widget-container\">\n\t\t\t\t\t<div class=\"elementor-spacer\">\n\t\t\t<div class=\"elementor-spacer-inner\"><\/div>\n\t\t<\/div>\n\t\t\t\t<\/div>\n\t\t\t\t<\/div>\n\t\t\t\t<div class=\"elementor-element elementor-element-9ff1aba elementor-widget-tablet__width-initial elementor-widget-mobile__width-initial elementor-widget elementor-widget-text-editor\" data-id=\"9ff1aba\" data-element_type=\"widget\" data-widget_type=\"text-editor.default\">\n\t\t\t\t<div class=\"elementor-widget-container\">\n\t\t\t\t\t\t\t<p>A travers une question qui revient tr\u00e8s souvent : \u00ab Est-ce que tu connais un bon plombier ? un bon \u00e9lectricien ? un bon architecte ?&#8230; \u00bb On en a d\u00e9duit qu\u2019il ya deux grosses probl\u00e9matiques. D\u2019une part, nous avons des investisseurs ou des particuliers qui cherchent un r\u00e9seau de confiance pour investir de la bonne mani\u00e8re. D\u2019autre part, nous avons la probl\u00e9matique des professionnels qui se retrouvent face \u00e0 une concurrence de plus en plus rude, notamment sur les r\u00e9seaux sociaux ; une concurrence digitale qui fait que maintenant n\u2019importe quel professionnel qui ne sait pas vraiment communiquer via le web ou ne sait pas vraiment utiliser les moyens digitaux \u00e0 son service, malheureusement, m\u00eame s\u2019il est comp\u00e9tent, il va tr\u00e8s mal se d\u00e9velopper, voire mettre toute son activit\u00e9 en p\u00e9ril; d\u2019o\u00f9 l\u2019id\u00e9e de cette plateforme \u00ab lbacha.com \u00bb.<\/p><div>\u00a0<\/div><h3><span style=\"font-size: 14.0pt; line-height: 115%; font-family: 'Times New Roman',serif;\">\u0645\u0627 \u0647\u064a \u0627\u0644\u062a\u062d\u062f\u064a\u0627\u062a \u0627\u0644\u062a\u064a \u062a\u0648\u0627\u062c\u0647 \u0647\u0630\u0627 \u0627\u0644\u0645\u0648\u0642\u0639\u061f<\/span><\/h3><div>\u00a0<\/div><div>C\u2019est un site internet qui r\u00e9unit la plus grande communaut\u00e9 de professionnels en construction. Il permet aux particuliers et aux investisseurs de trouver des professionnels comp\u00e9tents et de confiance par domaine et par r\u00e9gion, de pouvoir consulter leurs galeries o\u00f9 se trouvent des photos et\/ou des vid\u00e9os de leurs r\u00e9alisations et de pouvoir les noter et les commenter. Par ailleurs, ce site vise \u00e0 changer \u00e9galement les mentalit\u00e9s chez les professionnels, notamment les artisans. Cela ressemble quasiment \u00e0 cette habitude qui est entr\u00e9e dans nos m\u0153urs \u00e0 travers le site \u00ab avito \u00bb o\u00f9 une grande majorit\u00e9 des marocains, de toutes les couches sociales, se rencontre via le site, quand il ya besoin d\u2019acheter\/vendre une maison, une voiture\u2026etc. Nous voulons que les particuliers et les investisseurs aillent sur ce site et cherchent leurs professionnels via le web.<\/div><div>\u00a0<\/div><div><h3>\u0643\u064a\u0641\u064a\u0629 \u0627\u0633\u062a\u062e\u062f\u0627\u0645 \u0647\u0630\u0627 \u0627\u0644\u0645\u0648\u0642\u0639 \u061f<\/h3><p>\u0637\u0631\u064a\u0642\u0629 \u0627\u0633\u062a\u062e\u062f\u0627\u0645 \u0627\u0644\u0645\u0648\u0642\u0639 \u0628\u0633\u064a\u0637\u0629 \u0644\u0644\u063a\u0627\u064a\u0629:<\/p><p>\u0628\u0627\u0644\u0646\u0633\u0628\u0629 \u0644\u0644\u0645\u062d\u062a\u0631\u0641( \u0627\u0644\u0645\u0647\u0646\u064a) \u060c \u064a\u0641\u062a\u062d \u062d\u0633\u0627\u0628\u0647 \u0627\u0644\u0645\u062c\u0627\u0646\u064a \u0639\u0644\u0649 \u0645\u0648\u0642\u0639 lbacha.com \u062d\u064a\u062b \u064a\u0646\u0634\u0631 \u062a\u0641\u0627\u0635\u064a\u0644 \u0627\u0644\u0627\u062a\u0635\u0627\u0644 \u0627\u0644\u062e\u0627\u0635\u0629 \u0628\u0647. \u0648 \u0642\u062f \u062a\u064e\u0645 \u062a\u062e\u0635\u064a\u0635 \u0645\u0633\u0627\u062d\u0629  \u0644\u0647 \u0644\u0646\u0634\u0631 \u0627\u0644\u0635\u0648\u0631 \u0648 \/ \u0623\u0648 \u0645\u0642\u0627\u0637\u0639 \u0627\u0644\u0641\u064a\u062f\u064a\u0648 \u0627\u0644\u062e\u0627\u0635\u0629 \u0628\u0646\u062a\u0627\u0626\u062c\u0647 \u0648 \u062e\u062f\u0645\u0627\u062a\u0647 . \n\u0628\u0627\u0644\u0646\u0633\u0628\u0629 \u0644\u0644\u0641\u0631\u062f \u0623\u0648 \u0627\u0644\u0645\u0633\u062a\u062b\u0645\u0631 \u060c \u064a\u0645\u0643\u0646\u0647 \u0627\u0644\u0625\u0637\u0644\u0627\u0639 \u0639\u0644\u0649 \u0627\u0644\u0645\u0648\u0642\u0639 \u0648\u0627\u062e\u062a\u064a\u0627\u0631 \u0627\u0644\u0645\u062f\u064a\u0646\u0629 \u0648\u0642\u0637\u0627\u0639 \u0627\u0644\u0646\u0634\u0627\u0637 \u0627\u0644\u0630\u064a \u064a\u0647\u0645\u0647. \u0628\u062d\u064a\u062b \u0633\u064a\u062d\u0635\u0644 \u0639\u0644\u0649 \u0642\u0627\u0626\u0645\u0629 \u063a\u0646\u064a\u0629 \u0628\u0627\u0644\u0645\u0650\u0647\u0646\u064a\u064a\u0646 \u0645\u0639 \u062a\u0641\u0627\u0635\u064a\u0644 \u0627\u0644\u0627\u062a\u0635\u0627\u0644 \u0627\u0644\u062e\u0627\u0635\u0629 \u0628\u0647\u0645 \u060c \u0648\u0627\u0644\u0635\u0648\u0631 \/ \u0645\u0642\u0627\u0637\u0639 \u0627\u0644\u0641\u064a\u062f\u064a\u0648 \u0648\u0646\u0638\u0627\u0645 \u062a\u0635\u0646\u064a\u0641 \u0634\u0641\u0627\u0641 \u0644\u062a\u0642\u064a\u064a\u0645 \u0645\u0647\u0627\u0631\u0627\u062a\u0647\u0645 \u0648\u062c\u062f\u064a\u062a\u0647\u0645. \u0648\u0628\u0627\u0644\u062a\u0627\u0644\u064a \u060c \u0648 \u0628\u0627\u0644\u062a\u0627\u0644\u064a \u0633\u064a\u064f\u0648\u0641\u0631 \u0644\u0644\u0641\u0631\u062f \u0623\u0648 \u0627\u0644\u0645\u0633\u062a\u062b\u0645\u0631\u0627\u0644\u0643\u062b\u064a\u0631\u0645\u0646 \u0627\u0644\u0648\u0642\u062a \u0628\u062d\u064a\u062b \u0625\u0646\u0652 \u0623\u0637\u0644\u0642 \u0645\u0634\u0631\u0648\u0639\u064b\u0627 \u064a\u062a\u0637\u0644\u0628 \u0641\u0631\u064a\u0642\u064b\u0627 \u0645\u0646 \u0627\u0644\u0645\u062d\u062a\u0631\u0641\u064a\u0646 \u060c \u0641\u064a \u0628\u0636\u0639 \u0646\u0642\u0631\u0627\u062a \u0648\u0641\u064a \u0628\u0636\u0639 \u062f\u0642\u0627\u0626\u0642 \u060c \u0633\u064a\u0643\u0648\u0646 \u0642\u0627\u062f\u0631\u064b\u0627 \u0639\u0644\u0649 \u0627\u0644\u0639\u062b\u0648\u0631 \u0639\u0644\u0649 \u0643\u0644 \u0627\u0644\u0623\u0634\u062e\u0627\u0635 \u0627\u0644\u0630\u064a\u0646 \u064a\u062d\u062a\u0627\u062c\u0647\u0645 \u0648 \u0627\u0644\u0627\u0633\u062a\u0641\u0627\u062f\u0629 \u0645\u0646 \u0634\u0628\u0643\u0629 \u062b\u0642\u0629 \u0645\u0639 \u0645\u062d\u062a\u0631\u0641\u064a\u0646 \u0623\u0643\u0641\u0627\u0621.\n \u064a\u062c\u0628 \u0623\u064a\u0636\u064b\u0627 \u0627\u0644\u0625\u0634\u0627\u0631\u0629 \u0627\u0644\u0649 \u0623\u0646 \u0645\u0646\u0635\u0629 lbacha.com \u062a\u0639\u0645\u0644 \u0643\u0648\u0633\u064a\u0637 \u0641\u0642\u0637 \u0648\u0623\u0646 \u0627\u0644\u0639\u0644\u0627\u0642\u0629 \u0627\u0644\u062a\u0639\u0627\u0642\u062f\u064a\u0629 \u0627\u0644\u0645\u062a\u0639\u0644\u0642\u0629 \u0628\u0627\u0644\u062e\u062f\u0645\u0627\u062a \u064a\u062a\u0645 \u0625\u0628\u0631\u0627\u0645\u0647\u0627 \u0628\u064a\u0646 \u0627\u0644\u0645\u0633\u062a\u062e\u062f\u0645 \u0627\u0644\u0630\u064a \u064a\u0637\u0644\u0628 \u0648\u0627\u0644\u0645\u062d\u062a\u0631\u0641 \u0627\u0644\u0630\u064a \u064a\u0642\u062f\u0645\u0647\u0627.<\/p><\/div>\t\t\t\t\t\t<\/div>\n\t\t\t\t<\/div>\n\t\t\t\t<div class=\"elementor-element elementor-element-9cc8ca0 elementor-widget elementor-widget-spacer\" data-id=\"9cc8ca0\" data-element_type=\"widget\" data-widget_type=\"spacer.default\">\n\t\t\t\t<div class=\"elementor-widget-container\">\n\t\t\t\t\t<div class=\"elementor-spacer\">\n\t\t\t<div class=\"elementor-spacer-inner\"><\/div>\n\t\t<\/div>\n\t\t\t\t<\/div>\n\t\t\t\t<\/div>\n\t\t\t\t<div class=\"elementor-element elementor-element-98f1083 elementor-widget__width-auto elementor-absolute elementor-hidden-mobile elementor-widget elementor-widget-lst_shape\" data-id=\"98f1083\" data-element_type=\"widget\" data-settings=\"{&quot;_position&quot;:&quot;absolute&quot;}\" data-widget_type=\"lst_shape.default\">\n\t\t\t\t<div class=\"elementor-widget-container\">\n\t\t\t<div class=\"listivo-shape\">\r\n            <div class=\"listivo-shape-ox\">\r\n            <svg xmlns=\"http:\/\/www.w3.org\/2000\/svg\" viewbox=\"0 0 36 39\">\r\n                <g>\r\n                    <g>\r\n                        <path d=\"M35.386 13.26a1.437 1.437 0 0 1-2.027 0l-4.415-4.4-4.415 4.4a1.437 1.437 0 0 1-2.027 0 1.425 1.425 0 0 1 0-2.02l4.415-4.4-4.415-4.399a1.425 1.425 0 0 1 0-2.02 1.437 1.437 0 0 1 2.027 0l4.415 4.4 4.415-4.4a1.437 1.437 0 0 1 2.027 0c.56.558.56 1.462 0 2.02L30.97 6.84l4.415 4.4c.56.557.56 1.461 0 2.02zM11.58 33.58c0 2.932-2.384 5.307-5.326 5.307-2.94 0-5.325-2.375-5.325-5.307 0-2.93 2.384-5.306 5.325-5.306 2.942 0 5.326 2.376 5.326 5.306z\"\/>\r\n                    <\/g>\r\n                <\/g>\r\n            <\/svg>\r\n        <\/div>\r\n    <\/div>\r\n\t\t<\/div>\n\t\t\t\t<\/div>\n\t\t\t\t\t<\/div>\n\t\t<\/div>\n\t\t\t\t\t\t\t<\/div>\n\t\t<\/section>\n\t\t\t\t\t\t\t<\/div>","protected":false},"excerpt":{"rendered":"<p>\u00c0 propos de nous La plateforme \u00ab lbacha.com \u00bb Quel est le concept du site \u00ab lbacha.com \u00bb? A travers une question qui revient tr\u00e8s souvent : \u00ab Est-ce que tu connais un bon plombier ? un bon \u00e9lectricien ? un bon architecte ?&#8230; \u00bb On en a d\u00e9duit qu\u2019il ya deux grosses probl\u00e9matiques. D\u2019une [&hellip;]<\/p>","protected":false},"author":1,"featured_media":0,"parent":0,"menu_order":0,"comment_status":"closed","ping_status":"closed","template":"","meta":{"footnotes":""},"class_list":["post-471","page","type-page","status-publish","hentry"],"yoast_head":"<!-- This site is optimized with the Yoast SEO plugin v25.6 - https:\/\/yoast.com\/wordpress\/plugins\/seo\/ -->\n<title>\u00c0 propos - LBACHA<\/title>\n<meta name=\"robots\" content=\"index, follow, max-snippet:-1, max-image-preview:large, max-video-preview:-1\" \/>\n<link rel=\"canonical\" href=\"https:\/\/lbacha.com\/ar\/about\/\" \/>\n<meta property=\"og:locale\" content=\"ar_AR\" \/>\n<meta property=\"og:type\" content=\"article\" \/>\n<meta property=\"og:title\" content=\"\u00c0 propos - LBACHA\" \/>\n<meta property=\"og:description\" content=\"\u00c0 propos de nous La plateforme \u00ab lbacha.com \u00bb Quel est le concept du site \u00ab lbacha.com \u00bb? A travers une question qui revient tr\u00e8s souvent : \u00ab Est-ce que tu connais un bon plombier ? un bon \u00e9lectricien ? un bon architecte ?&#8230; \u00bb On en a d\u00e9duit qu\u2019il ya deux grosses probl\u00e9matiques. D\u2019une [&hellip;]\" \/>\n<meta property=\"og:url\" content=\"https:\/\/lbacha.com\/ar\/about\/\" \/>\n<meta property=\"og:site_name\" content=\"LBACHA\" \/>\n<meta property=\"article:publisher\" content=\"https:\/\/www.facebook.com\/profile.php?id=100083419294913\" \/>\n<meta property=\"article:modified_time\" content=\"2025-06-11T14:14:46+00:00\" \/>\n<meta property=\"og:image\" content=\"https:\/\/lbacha.com\/wp-content\/uploads\/2022\/05\/logo-1.png\" \/>\n\t<meta property=\"og:image:width\" content=\"3709\" \/>\n\t<meta property=\"og:image:height\" content=\"2278\" \/>\n\t<meta property=\"og:image:type\" content=\"image\/png\" \/>\n<meta name=\"twitter:card\" content=\"summary_large_image\" \/>\n<meta name=\"twitter:label1\" content=\"Est. reading time\" \/>\n\t<meta name=\"twitter:data1\" content=\"3 \u062f\u0642\u0627\u0626\u0642\" \/>\n<script type=\"application\/ld+json\" class=\"yoast-schema-graph\">{\"@context\":\"https:\/\/schema.org\",\"@graph\":[{\"@type\":\"WebPage\",\"@id\":\"https:\/\/lbacha.com\/about\/\",\"url\":\"https:\/\/lbacha.com\/about\/\",\"name\":\"\u00c0 propos - LBACHA\",\"isPartOf\":{\"@id\":\"https:\/\/lbacha.com\/#website\"},\"datePublished\":\"2021-05-14T08:11:45+00:00\",\"dateModified\":\"2025-06-11T14:14:46+00:00\",\"breadcrumb\":{\"@id\":\"https:\/\/lbacha.com\/about\/#breadcrumb\"},\"inLanguage\":\"ar\",\"potentialAction\":[{\"@type\":\"ReadAction\",\"target\":[\"https:\/\/lbacha.com\/about\/\"]}]},{\"@type\":\"BreadcrumbList\",\"@id\":\"https:\/\/lbacha.com\/about\/#breadcrumb\",\"itemListElement\":[{\"@type\":\"ListItem\",\"position\":1,\"name\":\"Home\",\"item\":\"https:\/\/lbacha.com\/\"},{\"@type\":\"ListItem\",\"position\":2,\"name\":\"\u00c0 propos\"}]},{\"@type\":\"WebSite\",\"@id\":\"https:\/\/lbacha.com\/#website\",\"url\":\"https:\/\/lbacha.com\/\",\"name\":\"LBACHA\",\"description\":\"Trouver un professionnel comp\u00e9tent pour vos travaux de construction\",\"publisher\":{\"@id\":\"https:\/\/lbacha.com\/#organization\"},\"potentialAction\":[{\"@type\":\"SearchAction\",\"target\":{\"@type\":\"EntryPoint\",\"urlTemplate\":\"https:\/\/lbacha.com\/?s={search_term_string}\"},\"query-input\":{\"@type\":\"PropertyValueSpecification\",\"valueRequired\":true,\"valueName\":\"search_term_string\"}}],\"inLanguage\":\"ar\"},{\"@type\":\"Organization\",\"@id\":\"https:\/\/lbacha.com\/#organization\",\"name\":\"LBACHA\",\"alternateName\":\"LBACHA\",\"url\":\"https:\/\/lbacha.com\/\",\"logo\":{\"@type\":\"ImageObject\",\"inLanguage\":\"ar\",\"@id\":\"https:\/\/lbacha.com\/#\/schema\/logo\/image\/\",\"url\":\"https:\/\/lbacha.com\/wp-content\/uploads\/2022\/05\/logo-1.png\",\"contentUrl\":\"https:\/\/lbacha.com\/wp-content\/uploads\/2022\/05\/logo-1.png\",\"width\":3709,\"height\":2278,\"caption\":\"LBACHA\"},\"image\":{\"@id\":\"https:\/\/lbacha.com\/#\/schema\/logo\/image\/\"},\"sameAs\":[\"https:\/\/www.facebook.com\/profile.php?id=100083419294913\"]}]}<\/script>\n<!-- \/ Yoast SEO plugin. -->","yoast_head_json":{"title":"\u00c0 propos - LBACHA","robots":{"index":"index","follow":"follow","max-snippet":"max-snippet:-1","max-image-preview":"max-image-preview:large","max-video-preview":"max-video-preview:-1"},"canonical":"https:\/\/lbacha.com\/ar\/about\/","og_locale":"ar_AR","og_type":"article","og_title":"\u00c0 propos - LBACHA","og_description":"\u00c0 propos de nous La plateforme \u00ab lbacha.com \u00bb Quel est le concept du site \u00ab lbacha.com \u00bb? A travers une question qui revient tr\u00e8s souvent : \u00ab Est-ce que tu connais un bon plombier ? un bon \u00e9lectricien ? un bon architecte ?&#8230; \u00bb On en a d\u00e9duit qu\u2019il ya deux grosses probl\u00e9matiques. D\u2019une [&hellip;]","og_url":"https:\/\/lbacha.com\/ar\/about\/","og_site_name":"LBACHA","article_publisher":"https:\/\/www.facebook.com\/profile.php?id=100083419294913","article_modified_time":"2025-06-11T14:14:46+00:00","og_image":[{"width":3709,"height":2278,"url":"https:\/\/lbacha.com\/wp-content\/uploads\/2022\/05\/logo-1.png","type":"image\/png"}],"twitter_card":"summary_large_image","twitter_misc":{"Est. reading time":"3 \u062f\u0642\u0627\u0626\u0642"},"schema":{"@context":"https:\/\/schema.org","@graph":[{"@type":"WebPage","@id":"https:\/\/lbacha.com\/about\/","url":"https:\/\/lbacha.com\/about\/","name":"\u00c0 propos - LBACHA","isPartOf":{"@id":"https:\/\/lbacha.com\/#website"},"datePublished":"2021-05-14T08:11:45+00:00","dateModified":"2025-06-11T14:14:46+00:00","breadcrumb":{"@id":"https:\/\/lbacha.com\/about\/#breadcrumb"},"inLanguage":"ar","potentialAction":[{"@type":"ReadAction","target":["https:\/\/lbacha.com\/about\/"]}]},{"@type":"BreadcrumbList","@id":"https:\/\/lbacha.com\/about\/#breadcrumb","itemListElement":[{"@type":"ListItem","position":1,"name":"Home","item":"https:\/\/lbacha.com\/"},{"@type":"ListItem","position":2,"name":"\u00c0 propos"}]},{"@type":"WebSite","@id":"https:\/\/lbacha.com\/#website","url":"https:\/\/lbacha.com\/","name":"LBACHA","description":"Trouver un professionnel comp\u00e9tent pour vos travaux de construction","publisher":{"@id":"https:\/\/lbacha.com\/#organization"},"potentialAction":[{"@type":"SearchAction","target":{"@type":"EntryPoint","urlTemplate":"https:\/\/lbacha.com\/?s={search_term_string}"},"query-input":{"@type":"PropertyValueSpecification","valueRequired":true,"valueName":"search_term_string"}}],"inLanguage":"ar"},{"@type":"Organization","@id":"https:\/\/lbacha.com\/#organization","name":"LBACHA","alternateName":"LBACHA","url":"https:\/\/lbacha.com\/","logo":{"@type":"ImageObject","inLanguage":"ar","@id":"https:\/\/lbacha.com\/#\/schema\/logo\/image\/","url":"https:\/\/lbacha.com\/wp-content\/uploads\/2022\/05\/logo-1.png","contentUrl":"https:\/\/lbacha.com\/wp-content\/uploads\/2022\/05\/logo-1.png","width":3709,"height":2278,"caption":"LBACHA"},"image":{"@id":"https:\/\/lbacha.com\/#\/schema\/logo\/image\/"},"sameAs":["https:\/\/www.facebook.com\/profile.php?id=100083419294913"]}]}},"_links":{"self":[{"href":"https:\/\/lbacha.com\/ar\/wp-json\/wp\/v2\/pages\/471","targetHints":{"allow":["GET"]}}],"collection":[{"href":"https:\/\/lbacha.com\/ar\/wp-json\/wp\/v2\/pages"}],"about":[{"href":"https:\/\/lbacha.com\/ar\/wp-json\/wp\/v2\/types\/page"}],"author":[{"embeddable":true,"href":"https:\/\/lbacha.com\/ar\/wp-json\/wp\/v2\/users\/1"}],"replies":[{"embeddable":true,"href":"https:\/\/lbacha.com\/ar\/wp-json\/wp\/v2\/comments?post=471"}],"version-history":[{"count":0,"href":"https:\/\/lbacha.com\/ar\/wp-json\/wp\/v2\/pages\/471\/revisions"}],"wp:attachment":[{"href":"https:\/\/lbacha.com\/ar\/wp-json\/wp\/v2\/media?parent=471"}],"curies":[{"name":"wp","href":"https:\/\/api.w.org\/{rel}","templated":true}]}}